{"id":112,"date":"2025-12-04T17:58:09","date_gmt":"2025-12-04T17:58:09","guid":{"rendered":"https:\/\/ontheboat.fr\/?page_id=112"},"modified":"2025-12-16T14:48:10","modified_gmt":"2025-12-16T14:48:10","slug":"shakespeare-la-totale","status":"publish","type":"page","link":"https:\/\/ontheboat.fr\/?page_id=112","title":{"rendered":"Shakespeare la totale !"},"content":{"rendered":"\t\t<div data-elementor-type=\"wp-page\" data-elementor-id=\"112\" class=\"elementor elementor-112\">\n\t\t\t\t<div class=\"elementor-element elementor-element-9a58e27 e-flex e-con-boxed e-con e-parent\" data-id=\"9a58e27\" data-element_type=\"container\">\n\t\t\t\t\t<div class=\"e-con-inner\">\n\t\t\t\t<div class=\"elementor-element elementor-element-19c098e elementor-widget elementor-widget-heading\" data-id=\"19c098e\" data-element_type=\"widget\" data-widget_type=\"heading.default\">\n\t\t\t\t\t<h2 class=\"elementor-heading-title elementor-size-default\">Shakespeare la totale ! <\/h2>\t\t\t\t<\/div>\n\t\t\t\t\t<\/div>\n\t\t\t\t<\/div>\n\t\t<div class=\"elementor-element elementor-element-9994f66 e-flex e-con-boxed e-con e-parent\" data-id=\"9994f66\" data-element_type=\"container\">\n\t\t\t\t\t<div class=\"e-con-inner\">\n\t\t<div class=\"elementor-element elementor-element-09badde e-con-full e-flex e-con e-child\" data-id=\"09badde\" data-element_type=\"container\">\n\t\t\t\t<div class=\"elementor-element elementor-element-69068fd elementor-widget elementor-widget-image\" data-id=\"69068fd\" data-element_type=\"widget\" data-widget_type=\"image.default\">\n\t\t\t\t\t\t\t\t\t\t\t\t\t\t\t<img fetchpriority=\"high\" decoding=\"async\" width=\"724\" height=\"1024\" src=\"https:\/\/ontheboat.fr\/wp-content\/uploads\/2025\/12\/Design-sans-titre-724x1024.jpg\" class=\"attachment-large size-large wp-image-116\" alt=\"\" srcset=\"https:\/\/ontheboat.fr\/wp-content\/uploads\/2025\/12\/Design-sans-titre-724x1024.jpg 724w, https:\/\/ontheboat.fr\/wp-content\/uploads\/2025\/12\/Design-sans-titre-212x300.jpg 212w, https:\/\/ontheboat.fr\/wp-content\/uploads\/2025\/12\/Design-sans-titre-768x1086.jpg 768w, https:\/\/ontheboat.fr\/wp-content\/uploads\/2025\/12\/Design-sans-titre-1086x1536.jpg 1086w, https:\/\/ontheboat.fr\/wp-content\/uploads\/2025\/12\/Design-sans-titre-1448x2048.jpg 1448w, https:\/\/ontheboat.fr\/wp-content\/uploads\/2025\/12\/Design-sans-titre.jpg 1587w\" sizes=\"(max-width: 724px) 100vw, 724px\" \/>\t\t\t\t\t\t\t\t\t\t\t\t\t\t\t<\/div>\n\t\t\t\t<\/div>\n\t\t<div class=\"elementor-element elementor-element-cb6dc52 e-con-full e-flex e-con e-child\" data-id=\"cb6dc52\" data-element_type=\"container\">\n\t\t\t\t<div class=\"elementor-element elementor-element-a02d058 elementor-widget elementor-widget-text-editor\" data-id=\"a02d058\" data-element_type=\"widget\" data-widget_type=\"text-editor.default\">\n\t\t\t\t\t\t\t\t\t<p style=\"color:#ffffff !important; font-size:16px; line-height:1.5;\">\n  Un voyage compl\u00e8tement loufoque de 80 minutes \u00e0 travers toutes les pi\u00e8ces\u00a0d\u2019un illustre inconnu : William Shakespeare.\n\nVoil\u00e0. C\u2019est tout.\u00a0Enfin\u2026pas vraiment.\n\nUn apr\u00e8s-midi pluvieux en Bretagne (parce que bien s\u00fbr, il pleuvait), trois\u00a0com\u00e9diens rinc\u00e9s par une tourn\u00e9e \u00e9reintante tombent sur une vieille vid\u00e9o\u00a0YouTube : The Complete Works of Shakespeare (Abridged). R\u00e9sultat ? Une heure\u00a0et demie de fous rires, de larmes (de joie), et un d\u00e9but de crampe abdominale.\n\nCes trois \u00e9nergum\u00e8nes ne sont pas n\u2019importe qui : non-contents d\u2019\u00eatre de vrais\u00a0geeks du gag, ce sont aussi des disciples hardcore du grand William. Oui, celui\u00a0avec les collants. Et l\u00e0, r\u00e9v\u00e9lation divine : \u201cOn va traduire ce truc en fran\u00e7ais&#8230;et\u00a0le jouer !\u201d Histoire de chatouiller un peu le Barde dans sa tombe.\n\nLe but ? Simple : semer un peu de bonheur absurde dans ce monde trop s\u00e9rieux,\u00a0et r\u00e9v\u00e9ler au public francophone les zones les plus farfelues, oubli\u00e9es, voire\u00a0carr\u00e9ment barr\u00e9es de l\u2019univers shakespearien.\t\t\t\t\t\t\t\t<\/div>\n\t\t\t\t<\/div>\n\t\t\t\t\t<\/div>\n\t\t\t\t<\/div>\n\t\t<div class=\"elementor-element elementor-element-78eecca e-flex e-con-boxed e-con e-parent\" data-id=\"78eecca\" data-element_type=\"container\">\n\t\t\t\t\t<div class=\"e-con-inner\">\n\t\t\t\t<div class=\"elementor-element elementor-element-3cdfa9f elementor-widget elementor-widget-video\" data-id=\"3cdfa9f\" data-element_type=\"widget\" data-settings=\"{&quot;youtube_url&quot;:&quot;https:\\\/\\\/youtu.be\\\/eMmz0at9kqc&quot;,&quot;video_type&quot;:&quot;youtube&quot;,&quot;controls&quot;:&quot;yes&quot;}\" data-widget_type=\"video.default\">\n\t\t\t\t\t\t\t<div class=\"elementor-wrapper elementor-open-inline\">\n\t\t\t<div class=\"elementor-video\"><\/div>\t\t<\/div>\n\t\t\t\t\t\t<\/div>\n\t\t\t\t\t<\/div>\n\t\t\t\t<\/div>\n\t\t\t\t<\/div>\n\t\t","protected":false},"excerpt":{"rendered":"<p>Shakespeare la totale ! Un voyage compl\u00e8tement loufoque de 80 minutes \u00e0 travers toutes les pi\u00e8ces\u00a0d\u2019un illustre inconnu : William Shakespeare. Voil\u00e0. C\u2019est tout.\u00a0Enfin\u2026pas vraiment. Un apr\u00e8s-midi pluvieux en Bretagne (parce que bien s\u00fbr, il pleuvait), trois\u00a0com\u00e9diens rinc\u00e9s par une tourn\u00e9e \u00e9reintante tombent sur une vieille vid\u00e9o\u00a0YouTube : The Complete Works of Shakespeare (Abridged). R\u00e9sultat [&hellip;]<\/p>\n","protected":false},"author":1,"featured_media":0,"parent":0,"menu_order":0,"comment_status":"closed","ping_status":"closed","template":"","meta":{"footnotes":""},"class_list":["post-112","page","type-page","status-publish","hentry"],"_links":{"self":[{"href":"https:\/\/ontheboat.fr\/index.php?rest_route=\/wp\/v2\/pages\/112","targetHints":{"allow":["GET"]}}],"collection":[{"href":"https:\/\/ontheboat.fr\/index.php?rest_route=\/wp\/v2\/pages"}],"about":[{"href":"https:\/\/ontheboat.fr\/index.php?rest_route=\/wp\/v2\/types\/page"}],"author":[{"embeddable":true,"href":"https:\/\/ontheboat.fr\/index.php?rest_route=\/wp\/v2\/users\/1"}],"replies":[{"embeddable":true,"href":"https:\/\/ontheboat.fr\/index.php?rest_route=%2Fwp%2Fv2%2Fcomments&post=112"}],"version-history":[{"count":13,"href":"https:\/\/ontheboat.fr\/index.php?rest_route=\/wp\/v2\/pages\/112\/revisions"}],"predecessor-version":[{"id":235,"href":"https:\/\/ontheboat.fr\/index.php?rest_route=\/wp\/v2\/pages\/112\/revisions\/235"}],"wp:attachment":[{"href":"https:\/\/ontheboat.fr\/index.php?rest_route=%2Fwp%2Fv2%2Fmedia&parent=112"}],"curies":[{"name":"wp","href":"https:\/\/api.w.org\/{rel}","templated":true}]}}