{"id":18,"date":"2025-11-28T15:40:21","date_gmt":"2025-11-28T15:40:21","guid":{"rendered":"https:\/\/ontheboat.fr\/?page_id=18"},"modified":"2025-12-16T15:04:57","modified_gmt":"2025-12-16T15:04:57","slug":"elementor-18","status":"publish","type":"page","link":"https:\/\/ontheboat.fr\/?page_id=18","title":{"rendered":"YMA\u00cf"},"content":{"rendered":"\t\t<div data-elementor-type=\"wp-post\" data-elementor-id=\"18\" class=\"elementor elementor-18\">\n\t\t\t\t<div class=\"elementor-element elementor-element-f4db9e3 e-flex e-con-boxed e-con e-parent\" data-id=\"f4db9e3\" data-element_type=\"container\">\n\t\t\t\t\t<div class=\"e-con-inner\">\n\t\t\t\t<div class=\"elementor-element elementor-element-67eadf1 elementor-widget elementor-widget-heading\" data-id=\"67eadf1\" data-element_type=\"widget\" data-widget_type=\"heading.default\">\n\t\t\t\t\t<h2 class=\"elementor-heading-title elementor-size-default\">YMA\u00cf<\/h2>\t\t\t\t<\/div>\n\t\t\t\t\t<\/div>\n\t\t\t\t<\/div>\n\t\t<div class=\"elementor-element elementor-element-347cef7 e-flex e-con-boxed e-con e-parent\" data-id=\"347cef7\" data-element_type=\"container\">\n\t\t\t\t\t<div class=\"e-con-inner\">\n\t\t\t\t<div class=\"elementor-element elementor-element-da79675 elementor-widget__width-initial elementor-widget elementor-widget-text-editor\" data-id=\"da79675\" data-element_type=\"widget\" data-widget_type=\"text-editor.default\">\n\t\t\t\t\t\t\t\t\t<p>\u00a0<\/p><p style=\"color: #ffffff !important; font-size: 16px; line-height: 1.5;\">Un trait d&rsquo;union entre deux cultures, le kabyle et le fran\u00e7ais, des textes qui \u00e9voquent la solidarit\u00e9, le lien entre les \u00eatres, le chemin vers un possible pour l&rsquo;apr\u00e8s&#8230;<br \/>Ancr\u00e9e dans la tradition sur des arrangements jazz-rock et pop, Yma\u00ef nous transporte dans un univers unique.<br \/>Un\u00a0pont entre deux cultures, une fen\u00eatre ouverte vers le lien et la solidarit\u00e9.<\/p>\t\t\t\t\t\t\t\t<\/div>\n\t\t\t\t<div class=\"elementor-element elementor-element-993edeb elementor-widget elementor-widget-image\" data-id=\"993edeb\" data-element_type=\"widget\" data-widget_type=\"image.default\">\n\t\t\t\t\t\t\t\t\t\t\t\t\t\t\t<img fetchpriority=\"high\" decoding=\"async\" width=\"800\" height=\"471\" src=\"https:\/\/ontheboat.fr\/wp-content\/uploads\/2025\/11\/IMG_7800-1024x603.jpg\" class=\"attachment-large size-large wp-image-55\" alt=\"\" srcset=\"https:\/\/ontheboat.fr\/wp-content\/uploads\/2025\/11\/IMG_7800-1024x603.jpg 1024w, https:\/\/ontheboat.fr\/wp-content\/uploads\/2025\/11\/IMG_7800-300x177.jpg 300w, https:\/\/ontheboat.fr\/wp-content\/uploads\/2025\/11\/IMG_7800-768x452.jpg 768w, https:\/\/ontheboat.fr\/wp-content\/uploads\/2025\/11\/IMG_7800-1536x904.jpg 1536w, https:\/\/ontheboat.fr\/wp-content\/uploads\/2025\/11\/IMG_7800.jpg 2048w\" sizes=\"(max-width: 800px) 100vw, 800px\" \/>\t\t\t\t\t\t\t\t\t\t\t\t\t\t\t<\/div>\n\t\t\t\t\t<\/div>\n\t\t\t\t<\/div>\n\t\t<div class=\"elementor-element elementor-element-075d984 e-flex e-con-boxed e-con e-parent\" data-id=\"075d984\" data-element_type=\"container\">\n\t\t\t\t\t<div class=\"e-con-inner\">\n\t\t\t\t<div class=\"elementor-element elementor-element-017b9e8 elementor-widget elementor-widget-video\" data-id=\"017b9e8\" data-element_type=\"widget\" data-settings=\"{&quot;youtube_url&quot;:&quot;https:\\\/\\\/youtu.be\\\/JZB_Z2Xve7w&quot;,&quot;video_type&quot;:&quot;youtube&quot;,&quot;controls&quot;:&quot;yes&quot;}\" data-widget_type=\"video.default\">\n\t\t\t\t\t\t\t<div class=\"elementor-wrapper elementor-open-inline\">\n\t\t\t<div class=\"elementor-video\"><\/div>\t\t<\/div>\n\t\t\t\t\t\t<\/div>\n\t\t\t\t\t<\/div>\n\t\t\t\t<\/div>\n\t\t\t\t<\/div>\n\t\t","protected":false},"excerpt":{"rendered":"<p>YMA\u00cf \u00a0 Un trait d&rsquo;union entre deux cultures, le kabyle et le fran\u00e7ais, des textes qui \u00e9voquent la solidarit\u00e9, le lien entre les \u00eatres, le chemin vers un possible pour l&rsquo;apr\u00e8s&#8230;Ancr\u00e9e dans la tradition sur des arrangements jazz-rock et pop, Yma\u00ef nous transporte dans un univers unique.Un\u00a0pont entre deux cultures, une fen\u00eatre ouverte vers le [&hellip;]<\/p>\n","protected":false},"author":1,"featured_media":0,"parent":0,"menu_order":0,"comment_status":"closed","ping_status":"closed","template":"","meta":{"footnotes":""},"class_list":["post-18","page","type-page","status-publish","hentry"],"_links":{"self":[{"href":"https:\/\/ontheboat.fr\/index.php?rest_route=\/wp\/v2\/pages\/18","targetHints":{"allow":["GET"]}}],"collection":[{"href":"https:\/\/ontheboat.fr\/index.php?rest_route=\/wp\/v2\/pages"}],"about":[{"href":"https:\/\/ontheboat.fr\/index.php?rest_route=\/wp\/v2\/types\/page"}],"author":[{"embeddable":true,"href":"https:\/\/ontheboat.fr\/index.php?rest_route=\/wp\/v2\/users\/1"}],"replies":[{"embeddable":true,"href":"https:\/\/ontheboat.fr\/index.php?rest_route=%2Fwp%2Fv2%2Fcomments&post=18"}],"version-history":[{"count":17,"href":"https:\/\/ontheboat.fr\/index.php?rest_route=\/wp\/v2\/pages\/18\/revisions"}],"predecessor-version":[{"id":250,"href":"https:\/\/ontheboat.fr\/index.php?rest_route=\/wp\/v2\/pages\/18\/revisions\/250"}],"wp:attachment":[{"href":"https:\/\/ontheboat.fr\/index.php?rest_route=%2Fwp%2Fv2%2Fmedia&parent=18"}],"curies":[{"name":"wp","href":"https:\/\/api.w.org\/{rel}","templated":true}]}}