{"id":2,"date":"2025-11-27T14:11:33","date_gmt":"2025-11-27T14:11:33","guid":{"rendered":"http:\/\/ontheboat.fr\/?page_id=2"},"modified":"2026-04-02T12:23:17","modified_gmt":"2026-04-02T12:23:17","slug":"sample-page","status":"publish","type":"page","link":"https:\/\/ontheboat.fr\/","title":{"rendered":"Projets"},"content":{"rendered":"\t\t<div data-elementor-type=\"wp-page\" data-elementor-id=\"2\" class=\"elementor elementor-2\">\n\t\t\t\t<div class=\"elementor-element elementor-element-526961bf e-flex e-con-boxed e-con e-parent\" data-id=\"526961bf\" data-element_type=\"container\">\n\t\t\t\t\t<div class=\"e-con-inner\">\n\t\t\t\t<div class=\"elementor-element elementor-element-51717a4 e-transform elementor-widget elementor-widget-heading\" data-id=\"51717a4\" data-element_type=\"widget\" data-settings=\"{&quot;_transform_rotateZ_effect&quot;:{&quot;unit&quot;:&quot;px&quot;,&quot;size&quot;:-7,&quot;sizes&quot;:[]},&quot;_transform_rotateZ_effect_tablet&quot;:{&quot;unit&quot;:&quot;deg&quot;,&quot;size&quot;:&quot;&quot;,&quot;sizes&quot;:[]},&quot;_transform_rotateZ_effect_mobile&quot;:{&quot;unit&quot;:&quot;deg&quot;,&quot;size&quot;:&quot;&quot;,&quot;sizes&quot;:[]}}\" data-widget_type=\"heading.default\">\n\t\t\t\t\t<h2 class=\"elementor-heading-title elementor-size-default\"><span class=\"compagnie\">Compagnie<\/span>\n<\/h2>\t\t\t\t<\/div>\n\t\t\t\t\t<\/div>\n\t\t\t\t<\/div>\n\t\t<div class=\"elementor-element elementor-element-140d410 e-flex e-con-boxed e-con e-parent\" data-id=\"140d410\" data-element_type=\"container\">\n\t\t\t\t\t<div class=\"e-con-inner\">\n\t\t\t\t<div class=\"elementor-element elementor-element-1cd4ed4 e-transform elementor-widget elementor-widget-heading\" data-id=\"1cd4ed4\" data-element_type=\"widget\" data-settings=\"{&quot;_transform_rotateZ_effect&quot;:{&quot;unit&quot;:&quot;px&quot;,&quot;size&quot;:-5,&quot;sizes&quot;:[]},&quot;_transform_rotateZ_effect_tablet&quot;:{&quot;unit&quot;:&quot;deg&quot;,&quot;size&quot;:&quot;&quot;,&quot;sizes&quot;:[]},&quot;_transform_rotateZ_effect_mobile&quot;:{&quot;unit&quot;:&quot;deg&quot;,&quot;size&quot;:&quot;&quot;,&quot;sizes&quot;:[]}}\" data-widget_type=\"heading.default\">\n\t\t\t\t\t<h2 class=\"elementor-heading-title elementor-size-default\"><span class=\"ontheboat\">On The Boat<\/span><br><\/h2>\t\t\t\t<\/div>\n\t\t\t\t\t<\/div>\n\t\t\t\t<\/div>\n\t\t<div class=\"elementor-element elementor-element-5f1a4d2 e-flex e-con-boxed e-con e-parent\" data-id=\"5f1a4d2\" data-element_type=\"container\">\n\t\t\t\t\t<div class=\"e-con-inner\">\n\t\t\t\t<div class=\"elementor-element elementor-element-1c03151 elementor-widget elementor-widget-text-editor\" data-id=\"1c03151\" data-element_type=\"widget\" data-widget_type=\"text-editor.default\">\n\t\t\t\t\t\t\t\t\t<p>\u00a0<\/p><p style=\"color: #ffffff !important; font-size: 16px; line-height: 1.5;\">Depuis 2016, On The Boat accueille des artistes et des spectacles innovants pour offrir une exp\u00e9rience culturelle vivante et accessible.<\/p><p style=\"color: #ffffff !important; font-size: 16px; line-height: 1.5;\">De la chanson fran\u00e7aise, aux chants du monde, en passant par le th\u00e9\u00e2tre, sur sc\u00e8ne ou sur l&rsquo;eau, en tourn\u00e9e ou \u00e0 la<\/p><p style=\"color: #ffffff !important; font-size: 16px; line-height: 1.5;\">\u00a0maison, On the boat c\u00e9l\u00e8bre la diversit\u00e9 en rassemblant artistes de talents vari\u00e9s pour explorer l&rsquo;art sous toutes ses formes&#8230;<\/p>\t\t\t\t\t\t\t\t<\/div>\n\t\t\t\t\t<\/div>\n\t\t\t\t<\/div>\n\t\t<div class=\"elementor-element elementor-element-bd450ee e-flex e-con-boxed e-con e-parent\" data-id=\"bd450ee\" data-element_type=\"container\">\n\t\t\t\t\t<div class=\"e-con-inner\">\n\t\t<div class=\"elementor-element elementor-element-d38b1da e-con-full e-flex e-con e-child\" data-id=\"d38b1da\" data-element_type=\"container\">\n\t\t\t\t<div class=\"elementor-element elementor-element-9db83d9 elementor-widget elementor-widget-image\" data-id=\"9db83d9\" data-element_type=\"widget\" data-widget_type=\"image.default\">\n\t\t\t\t\t\t\t\t\t\t\t\t\t\t\t\t<a href=\"https:\/\/ontheboat.fr\/?page_id=33\">\n\t\t\t\t\t\t\t<img fetchpriority=\"high\" decoding=\"async\" width=\"724\" height=\"1024\" src=\"https:\/\/ontheboat.fr\/wp-content\/uploads\/2025\/12\/Visuel-PIAF-HD-724x1024.jpg\" class=\"attachment-large size-large wp-image-101\" alt=\"\" srcset=\"https:\/\/ontheboat.fr\/wp-content\/uploads\/2025\/12\/Visuel-PIAF-HD-724x1024.jpg 724w, https:\/\/ontheboat.fr\/wp-content\/uploads\/2025\/12\/Visuel-PIAF-HD-212x300.jpg 212w, https:\/\/ontheboat.fr\/wp-content\/uploads\/2025\/12\/Visuel-PIAF-HD-768x1086.jpg 768w, https:\/\/ontheboat.fr\/wp-content\/uploads\/2025\/12\/Visuel-PIAF-HD-1086x1536.jpg 1086w, https:\/\/ontheboat.fr\/wp-content\/uploads\/2025\/12\/Visuel-PIAF-HD.jpg 1414w\" sizes=\"(max-width: 724px) 100vw, 724px\" \/>\t\t\t\t\t\t\t\t<\/a>\n\t\t\t\t\t\t\t\t\t\t\t\t\t\t\t<\/div>\n\t\t\t\t<\/div>\n\t\t<div class=\"elementor-element elementor-element-043bded e-con-full e-flex e-con e-child\" data-id=\"043bded\" data-element_type=\"container\">\n\t\t\t\t<div class=\"elementor-element elementor-element-c07a1cf elementor-widget elementor-widget-image\" data-id=\"c07a1cf\" data-element_type=\"widget\" data-widget_type=\"image.default\">\n\t\t\t\t\t\t\t\t\t\t\t\t\t\t\t\t<a href=\"https:\/\/ontheboat.fr\/?page_id=18\">\n\t\t\t\t\t\t\t<img decoding=\"async\" width=\"724\" height=\"1024\" src=\"https:\/\/ontheboat.fr\/wp-content\/uploads\/2025\/12\/Visuel-YMAI-site-724x1024.jpg\" class=\"attachment-large size-large wp-image-103\" alt=\"\" srcset=\"https:\/\/ontheboat.fr\/wp-content\/uploads\/2025\/12\/Visuel-YMAI-site-724x1024.jpg 724w, https:\/\/ontheboat.fr\/wp-content\/uploads\/2025\/12\/Visuel-YMAI-site-212x300.jpg 212w, https:\/\/ontheboat.fr\/wp-content\/uploads\/2025\/12\/Visuel-YMAI-site-768x1086.jpg 768w, https:\/\/ontheboat.fr\/wp-content\/uploads\/2025\/12\/Visuel-YMAI-site-1086x1536.jpg 1086w, https:\/\/ontheboat.fr\/wp-content\/uploads\/2025\/12\/Visuel-YMAI-site-1448x2048.jpg 1448w, https:\/\/ontheboat.fr\/wp-content\/uploads\/2025\/12\/Visuel-YMAI-site.jpg 1587w\" sizes=\"(max-width: 724px) 100vw, 724px\" \/>\t\t\t\t\t\t\t\t<\/a>\n\t\t\t\t\t\t\t\t\t\t\t\t\t\t\t<\/div>\n\t\t\t\t<\/div>\n\t\t<div class=\"elementor-element elementor-element-8957c50 e-con-full e-flex e-con e-child\" data-id=\"8957c50\" data-element_type=\"container\">\n\t\t\t\t<div class=\"elementor-element elementor-element-1384e34 elementor-widget elementor-widget-image\" data-id=\"1384e34\" data-element_type=\"widget\" data-widget_type=\"image.default\">\n\t\t\t\t\t\t\t\t\t\t\t\t\t\t\t\t<a href=\"https:\/\/ontheboat.fr\/?page_id=94\">\n\t\t\t\t\t\t\t<img decoding=\"async\" width=\"724\" height=\"1024\" src=\"https:\/\/ontheboat.fr\/wp-content\/uploads\/2025\/11\/photo-groupe-SWING-FOLIES-1-724x1024.jpg\" class=\"attachment-large size-large wp-image-25\" alt=\"\" srcset=\"https:\/\/ontheboat.fr\/wp-content\/uploads\/2025\/11\/photo-groupe-SWING-FOLIES-1-724x1024.jpg 724w, https:\/\/ontheboat.fr\/wp-content\/uploads\/2025\/11\/photo-groupe-SWING-FOLIES-1-212x300.jpg 212w, https:\/\/ontheboat.fr\/wp-content\/uploads\/2025\/11\/photo-groupe-SWING-FOLIES-1-768x1086.jpg 768w, https:\/\/ontheboat.fr\/wp-content\/uploads\/2025\/11\/photo-groupe-SWING-FOLIES-1-1086x1536.jpg 1086w, https:\/\/ontheboat.fr\/wp-content\/uploads\/2025\/11\/photo-groupe-SWING-FOLIES-1-1448x2048.jpg 1448w, https:\/\/ontheboat.fr\/wp-content\/uploads\/2025\/11\/photo-groupe-SWING-FOLIES-1.jpg 1587w\" sizes=\"(max-width: 724px) 100vw, 724px\" \/>\t\t\t\t\t\t\t\t<\/a>\n\t\t\t\t\t\t\t\t\t\t\t\t\t\t\t<\/div>\n\t\t\t\t<\/div>\n\t\t<div class=\"elementor-element elementor-element-538a51f e-con-full e-flex e-con e-child\" data-id=\"538a51f\" data-element_type=\"container\">\n\t\t\t\t<div class=\"elementor-element elementor-element-ac134fd elementor-widget elementor-widget-image\" data-id=\"ac134fd\" data-element_type=\"widget\" data-widget_type=\"image.default\">\n\t\t\t\t\t\t\t\t\t\t\t\t\t\t\t\t<a href=\"https:\/\/ontheboat.fr\/?page_id=112\">\n\t\t\t\t\t\t\t<img loading=\"lazy\" decoding=\"async\" width=\"595\" height=\"842\" src=\"https:\/\/ontheboat.fr\/wp-content\/uploads\/2025\/11\/visuel.jpg\" class=\"attachment-large size-large wp-image-13\" alt=\"\" srcset=\"https:\/\/ontheboat.fr\/wp-content\/uploads\/2025\/11\/visuel.jpg 595w, https:\/\/ontheboat.fr\/wp-content\/uploads\/2025\/11\/visuel-212x300.jpg 212w\" sizes=\"(max-width: 595px) 100vw, 595px\" \/>\t\t\t\t\t\t\t\t<\/a>\n\t\t\t\t\t\t\t\t\t\t\t\t\t\t\t<\/div>\n\t\t\t\t<\/div>\n\t\t\t\t\t<\/div>\n\t\t\t\t<\/div>\n\t\t<div class=\"elementor-element elementor-element-1feec70 e-flex e-con-boxed e-con e-parent\" data-id=\"1feec70\" data-element_type=\"container\">\n\t\t\t\t\t<div class=\"e-con-inner\">\n\t\t\t\t<div class=\"elementor-element elementor-element-03b9c21 elementor-widget elementor-widget-text-editor\" data-id=\"03b9c21\" data-element_type=\"widget\" data-widget_type=\"text-editor.default\">\n\t\t\t\t\t\t\t\t\t<p style=\"color: #ffffff !important; font-size: 20px; line-height: 1.5;\"><b>NOUS CONTACTER <\/b><\/p>\n<h5><a style=\"font-family: var( --e-global-typography-text-font-family ), Sans-serif; text-align: var(--text-align); font-size: 1rem;\" href=\"mailto:cieontheboat@gmail.com\" target=\"_blank\" rel=\"noopener\"><b>cieontheboat@gmail.com<\/b><\/a><\/h5>\n<p style=\"color: #ffffff !important; font-size: 16px; line-height: 1.5;\"><span style=\"font-family: var( --e-global-typography-text-font-family ), Sans-serif; text-align: var(--text-align);\">0627340941<\/span><\/p>\n<p style=\"color: #ffffff !important; font-size: 16px; line-height: 1.5;\">Yamina Abdous<\/p>\n<p style=\"color: #ffffff !important; font-size: 16px; line-height: 1.5;\">Directrice artistique de la cie<\/p>\t\t\t\t\t\t\t\t<\/div>\n\t\t\t\t\t<\/div>\n\t\t\t\t<\/div>\n\t\t<div class=\"elementor-element elementor-element-8f59480 e-flex e-con-boxed e-con e-parent\" data-id=\"8f59480\" data-element_type=\"container\">\n\t\t\t\t\t<div class=\"e-con-inner\">\n\t\t\t\t<div class=\"elementor-element elementor-element-9425974 elementor-widget elementor-widget-html\" data-id=\"9425974\" data-element_type=\"widget\" data-widget_type=\"html.default\">\n\t\t\t\t\t<!--Badge Linkaband g\u00e9n\u00e9r\u00e9 le 2-04-2026; Copyright Linkaband 2019--><a href='https:\/\/linkaband.com\/yami?utm_source=badge&utm_campaign=211105' target='_blank'><img src='https:\/\/linkaband.com\/assets\/images\/validation\/verified-noir.png' alt='Yami' style='width: 130px; height: 130px;'\/><\/a>\t\t\t\t<\/div>\n\t\t\t\t\t<\/div>\n\t\t\t\t<\/div>\n\t\t\t\t<\/div>\n\t\t","protected":false},"excerpt":{"rendered":"<p>Compagnie On The Boat \u00a0 Depuis 2016, On The Boat accueille des artistes et des spectacles innovants pour offrir une exp\u00e9rience culturelle vivante et accessible. De la chanson fran\u00e7aise, aux chants du monde, en passant par le th\u00e9\u00e2tre, sur sc\u00e8ne ou sur l&rsquo;eau, en tourn\u00e9e ou \u00e0 la \u00a0maison, On the boat c\u00e9l\u00e8bre la diversit\u00e9 [&hellip;]<\/p>\n","protected":false},"author":1,"featured_media":0,"parent":0,"menu_order":0,"comment_status":"closed","ping_status":"open","template":"","meta":{"footnotes":""},"class_list":["post-2","page","type-page","status-publish","hentry"],"_links":{"self":[{"href":"https:\/\/ontheboat.fr\/index.php?rest_route=\/wp\/v2\/pages\/2","targetHints":{"allow":["GET"]}}],"collection":[{"href":"https:\/\/ontheboat.fr\/index.php?rest_route=\/wp\/v2\/pages"}],"about":[{"href":"https:\/\/ontheboat.fr\/index.php?rest_route=\/wp\/v2\/types\/page"}],"author":[{"embeddable":true,"href":"https:\/\/ontheboat.fr\/index.php?rest_route=\/wp\/v2\/users\/1"}],"replies":[{"embeddable":true,"href":"https:\/\/ontheboat.fr\/index.php?rest_route=%2Fwp%2Fv2%2Fcomments&post=2"}],"version-history":[{"count":49,"href":"https:\/\/ontheboat.fr\/index.php?rest_route=\/wp\/v2\/pages\/2\/revisions"}],"predecessor-version":[{"id":301,"href":"https:\/\/ontheboat.fr\/index.php?rest_route=\/wp\/v2\/pages\/2\/revisions\/301"}],"wp:attachment":[{"href":"https:\/\/ontheboat.fr\/index.php?rest_route=%2Fwp%2Fv2%2Fmedia&parent=2"}],"curies":[{"name":"wp","href":"https:\/\/api.w.org\/{rel}","templated":true}]}}