{"id":33,"date":"2025-11-27T16:28:58","date_gmt":"2025-11-27T16:28:58","guid":{"rendered":"https:\/\/ontheboat.fr\/?page_id=33"},"modified":"2026-02-16T14:21:35","modified_gmt":"2026-02-16T14:21:35","slug":"piaf-un-cri-vers-dieu","status":"publish","type":"page","link":"https:\/\/ontheboat.fr\/?page_id=33","title":{"rendered":"Piaf un cri vers Dieu"},"content":{"rendered":"\t\t<div data-elementor-type=\"wp-page\" data-elementor-id=\"33\" class=\"elementor elementor-33\">\n\t\t\t\t<div class=\"elementor-element elementor-element-07e45b2 e-flex e-con-boxed e-con e-parent\" data-id=\"07e45b2\" data-element_type=\"container\">\n\t\t\t\t\t<div class=\"e-con-inner\">\n\t\t\t\t<div class=\"elementor-element elementor-element-5b08391 elementor-widget elementor-widget-heading\" data-id=\"5b08391\" data-element_type=\"widget\" data-widget_type=\"heading.default\">\n\t\t\t\t\t<h2 class=\"elementor-heading-title elementor-size-default\">Piaf, un cri vers Dieu<\/h2>\t\t\t\t<\/div>\n\t\t\t\t\t<\/div>\n\t\t\t\t<\/div>\n\t\t<div class=\"elementor-element elementor-element-d3cbe64 e-flex e-con-boxed e-con e-parent\" data-id=\"d3cbe64\" data-element_type=\"container\">\n\t\t\t\t\t<div class=\"e-con-inner\">\n\t\t\t\t<div class=\"elementor-element elementor-element-1a0c696 elementor-widget__width-initial elementor-widget-mobile__width-initial elementor-widget elementor-widget-image\" data-id=\"1a0c696\" data-element_type=\"widget\" data-widget_type=\"image.default\">\n\t\t\t\t\t\t\t\t\t\t\t\t\t\t\t<img decoding=\"async\" src=\"https:\/\/ontheboat.fr\/wp-content\/uploads\/2025\/12\/photo-groupee-PIAF.jpg\" title=\"Design sans titre &#8211; 1\" alt=\"Design sans titre - 1\" loading=\"lazy\" \/>\t\t\t\t\t\t\t\t\t\t\t\t\t\t\t<\/div>\n\t\t\t\t<div class=\"elementor-element elementor-element-880e98b elementor-widget elementor-widget-image\" data-id=\"880e98b\" data-element_type=\"widget\" data-widget_type=\"image.default\">\n\t\t\t\t\t\t\t\t\t\t\t\t\t\t\t<img decoding=\"async\" src=\"https:\/\/ontheboat.fr\/wp-content\/plugins\/elementor\/assets\/images\/placeholder.png\" title=\"\" alt=\"\" loading=\"lazy\" \/>\t\t\t\t\t\t\t\t\t\t\t\t\t\t\t<\/div>\n\t\t\t\t<div class=\"elementor-element elementor-element-a59b55f elementor-widget__width-initial elementor-widget elementor-widget-text-editor\" data-id=\"a59b55f\" data-element_type=\"widget\" data-widget_type=\"text-editor.default\">\n\t\t\t\t\t\t\t\t\t<p style=\"font-size: 16px; line-height: 1.5; color: #ffffff !important; text-align: left;\">\u00a0\u00ab\u00a0D\u00e9couvrez \u00ab\u00a0<em><strong>Piaf<\/strong>, un cri vers Dieu<\/em>\u00ab\u00a0, un th\u00e9\u00e2tral et musical captivant qui vous plonge au c\u0153ur de la qu\u00eate d&rsquo;\u00c9dith Piaf.<\/p><p style=\"color: #ffffff !important; font-size: 16px; line-height: 1.5;\">Ce voyage innovant explore les profondeurs de l&rsquo;\u00e2me humaine, r\u00e9v\u00e9lant la puissance et la vuln\u00e9rabilit\u00e9 de cette artiste l\u00e9gendaire qui a marqu\u00e9 l&rsquo;histoire de la chanson fran\u00e7aise.<\/p><p style=\"color: #ffffff !important; font-size: 16px; line-height: 1.5;\">L&rsquo;auteur Pierre Fesquet, reconnu pour son ouvrage \u00e0 succ\u00e8s, partage avec passion le parcours extraordinaire de Piaf, mettant en lumi\u00e8re des aspects m\u00e9connus de sa spiritualit\u00e9 et de son combat personnel.<\/p><p style=\"color: #ffffff !important; font-size: 16px; line-height: 1.5;\">Sur sc\u00e8ne, Yamina Abdous, dont la voix envo\u00fbtante \u00e9veille les \u00e9motions, et Thierry Bretonnet, ma\u00eetre de l&rsquo;accord\u00e9on, interpr\u00e8tent avec intensit\u00e9 les chansons embl\u00e9matiques de Piaf, cr\u00e9ant une exp\u00e9rience inoubliable qui fait r\u00e9sonner l&rsquo;\u00e2me de l&rsquo;artiste tout en touchant le c\u0153ur du public.<\/p>\t\t\t\t\t\t\t\t<\/div>\n\t\t\t\t\t<\/div>\n\t\t\t\t<\/div>\n\t\t<div class=\"elementor-element elementor-element-bf5736b e-grid e-con-boxed e-con e-parent\" data-id=\"bf5736b\" data-element_type=\"container\">\n\t\t\t\t\t<div class=\"e-con-inner\">\n\t\t\t\t<div class=\"elementor-element elementor-element-d55dbb5 elementor-widget elementor-widget-video\" data-id=\"d55dbb5\" data-element_type=\"widget\" data-settings=\"{&quot;youtube_url&quot;:&quot;https:\\\/\\\/www.youtube.com\\\/watch?v=Av0LIw9wWyo&amp;t=32s&quot;,&quot;video_type&quot;:&quot;youtube&quot;,&quot;controls&quot;:&quot;yes&quot;}\" data-widget_type=\"video.default\">\n\t\t\t\t\t\t\t<div class=\"elementor-wrapper elementor-open-inline\">\n\t\t\t<div class=\"elementor-video\"><\/div>\t\t<\/div>\n\t\t\t\t\t\t<\/div>\n\t\t\t\t<div class=\"elementor-element elementor-element-781ced4 elementor-widget elementor-widget-text-editor\" data-id=\"781ced4\" data-element_type=\"widget\" data-widget_type=\"text-editor.default\">\n\t\t\t\t\t\t\t\t\t<h2 style=\"mix-blend-mode: normal; color: #ffffff !important;\">AGENDA<\/h2>\n<p style=\"mix-blend-mode: normal; color: #ffffff !important;\">. Vendredi 16 janvier 2026 \u00e0 20h30 au Th\u00e9\u00e2tre Saint-Fran\u00e7ois-Xavier de Vannes (56) &#8211;&nbsp;<span style=\"font-style: italic;\">3 rue Thiers &#8211;&nbsp;<\/span><a style=\"font-family: inherit; font-size: 20px; text-align: var(--text-align);\" href=\"https:\/\/www.billetweb.fr\/piaf-un-cri-vers-dieu\" rel=\"noopener\">r\u00e9servations<\/a><\/p>\n<p style=\"mix-blend-mode: normal; color: #ffffff !important;\">. Samedi 17 janvier 2026 \u00e0 15h \u00e0 la chapelle Saint anne de Ploemeur (56) &#8211; &nbsp;rue Saint-Anne<\/p>\n<p style=\"mix-blend-mode: normal; color: #ffffff !important;\"><span style=\"text-align: var(--text-align); font-size: 1rem;\">. Dimanche 25 janvier \u00e0 16h au Forum 104 \u00e0 Paris (75)&nbsp;<\/span><a style=\"color: #ffffff; text-align: var(--text-align); font-size: 1rem;\">&#8211;&nbsp;<\/a><span style=\"text-align: var(--text-align); font-size: 1rem; font-style: italic;\">104 rue Vaugirard&nbsp;<\/span><span style=\"text-align: var(--text-align); font-size: 1rem; color: #ddddee;\"><span style=\"font-family: avenir-lt-w01_35-light1475496, sans-serif;\">&#8211;&nbsp;<\/span><\/span><a style=\"text-align: var(--text-align); font-family: inherit; font-size: 20px;\" href=\"https:\/\/www.forum104.org\/tous-les-evenements\/theatre-piaf-un-cri-vers-dieu\" target=\"_blank\" rel=\"noopener\">r\u00e9servations<\/a><\/p>\n<p style=\"mix-blend-mode: normal; color: #ffffff !important;\">. Dimanche 1er mars \u00e0 16h \u00e0 l&rsquo;\u00e9glise de Saint Peravy la Colombe (45) &#8211;&nbsp;<span style=\"font-style: italic; text-align: var(--text-align); font-size: 1rem;\">17 rue de Chartres<\/span><\/p>\n<p style=\"mix-blend-mode: normal; color: #ffffff !important;\">. Samedi 25 avril \u00e0 15h l&rsquo;Abbaye de Notre-Dame de Citeaux (21)<\/p>\n<p style=\"mix-blend-mode: normal; color: #ffffff !important;\">. Dimanche 25 octobre \u00e0 l&rsquo;Eglise Saint Baudile de Neuilly Sur Marne (93)<\/p>\n<p style=\"mix-blend-mode: normal; color: #ffffff !important;\">. Samedi 19 d\u00e9cembre au Th\u00e9\u00e2tre H\u00e9lios \u00e0 Merinchal (23)&nbsp;<\/p>\t\t\t\t\t\t\t\t<\/div>\n\t\t\t\t\t<\/div>\n\t\t\t\t<\/div>\n\t\t<div class=\"elementor-element elementor-element-5394513 e-flex e-con-boxed e-con e-parent\" data-id=\"5394513\" data-element_type=\"container\">\n\t\t\t\t\t<div class=\"e-con-inner\">\n\t\t<div class=\"elementor-element elementor-element-608269a e-con-full e-flex e-con e-child\" data-id=\"608269a\" data-element_type=\"container\">\n\t\t\t\t<div class=\"elementor-element elementor-element-9bd8710 elementor-widget elementor-widget-image\" data-id=\"9bd8710\" data-element_type=\"widget\" data-widget_type=\"image.default\">\n\t\t\t\t\t\t\t\t\t\t\t\t\t\t\t<img decoding=\"async\" src=\"http:\/\/ontheboat.fr\/wp-content\/uploads\/2026\/02\/livre-dor-PIAF.pdf\" title=\"\" alt=\"\" loading=\"lazy\" \/>\t\t\t\t\t\t\t\t\t\t\t\t\t\t\t<\/div>\n\t\t\t\t<\/div>\n\t\t<div class=\"elementor-element elementor-element-ae7988d e-con-full e-flex e-con e-child\" data-id=\"ae7988d\" data-element_type=\"container\">\n\t\t\t\t<div class=\"elementor-element elementor-element-4d83738 elementor-widget__width-inherit elementor-widget elementor-widget-text-editor\" data-id=\"4d83738\" data-element_type=\"widget\" data-widget_type=\"text-editor.default\">\n\t\t\t\t\t\t\t\t\t<blockquote class=\"gmail_quote\" style=\"caret-color: #222222; color: #222222; font-family: Arial, Helvetica, sans-serif; margin: 0px 0px 0px 0.8ex; border-left-width: 1px; border-left-style: solid; border-left-color: #cccccc; padding-left: 1ex;\"><p class=\"p1\" style=\"margin: 0px; font-width: normal; font-size: 18px; line-height: normal; font-family: Helvetica; font-size-adjust: none; font-kerning: auto; font-variant-alternates: normal; font-variant-ligatures: normal; font-variant-numeric: normal; font-variant-east-asian: normal; font-variant-position: normal; font-feature-settings: normal; font-optical-sizing: auto; font-variation-settings: normal; color: #031020; text-align: left;\"><i><span style=\"color: #ffffff;\">Dans le\u00a0<\/span><span style=\"color: #ffffff;\">concert, Piaf est pr\u00e9sent\u00e9e sous l\u2019angle de cette foi ; Yamina a interpr\u00e9t\u00e9 des\u00a0<\/span><span style=\"color: #ffffff;\">titres moins connus qui en t\u00e9moignent. Entre chansons et narration, le trio a\u00a0<\/span><span style=\"color: #ffffff; text-align: var(--text-align);\">emport\u00e9 le public dans un monde m\u00e9connu et touchant de la M\u00f4me.<\/span><\/i><\/p><p class=\"p1\" style=\"margin: 0px; font-width: normal; font-size: 18px; line-height: normal; font-family: Helvetica; font-size-adjust: none; font-kerning: auto; font-variant-alternates: normal; font-variant-ligatures: normal; font-variant-numeric: normal; font-variant-east-asian: normal; font-variant-position: normal; font-feature-settings: normal; font-optical-sizing: auto; font-variation-settings: normal; color: #031020; text-align: left;\"><i><span style=\"color: #ffffff; text-align: var(--text-align);\">\u00a0<\/span><\/i><\/p><p class=\"p1\" style=\"margin: 0px; font-width: normal; font-size: 18px; line-height: normal; font-family: Helvetica; font-size-adjust: none; font-kerning: auto; font-variant-alternates: normal; font-variant-ligatures: normal; font-variant-numeric: normal; font-variant-east-asian: normal; font-variant-position: normal; font-feature-settings: normal; font-optical-sizing: auto; font-variation-settings: normal; color: #031020; text-align: left;\"><span style=\"color: #ffffff; text-align: var(--text-align); font-size: 1rem; font-family: verdana, sans-serif;\">Le T\u00e9l\u00e9gramme<\/span><\/p><p style=\"text-align: left;\"><span style=\"color: #ffffff; font-family: verdana, sans-serif;\"><span class=\"gmail_default\">\u00a0<\/span><\/span><\/p><\/blockquote><blockquote class=\"gmail_quote\" style=\"caret-color: #222222; color: #222222; font-family: Arial, Helvetica, sans-serif; margin: 0px 0px 0px 0.8ex; border-left-width: 1px; border-left-style: solid; border-left-color: #cccccc; padding-left: 1ex;\"><p><span style=\"color: #ffffff; font-family: verdana, sans-serif;\"><span class=\"gmail_default\" style=\"font-style: italic;\">&#8230;comme une veill\u00e9e intimiste autour de \u00ab\u00a0la M\u00f4me\u00a0\u00bb,\u00a0<\/span><i>une sorte d&rsquo;album de souvenirs\u00a0<\/i>sonore<i>\u00a0et\u00a0<\/i><i>visuel<\/i><span class=\"gmail_default\"><i>.\u00a0<\/i><\/span><\/span><\/p><p><span style=\"color: #ffffff; font-family: verdana, sans-serif; text-align: var(--text-align); font-size: 1rem;\">Sud Ouest<\/span><\/p><\/blockquote>\t\t\t\t\t\t\t\t<\/div>\n\t\t\t\t<\/div>\n\t\t\t\t\t<\/div>\n\t\t\t\t<\/div>\n\t\t\t\t<\/div>\n\t\t","protected":false},"excerpt":{"rendered":"<p>Piaf, un cri vers Dieu \u00a0\u00ab\u00a0D\u00e9couvrez \u00ab\u00a0Piaf, un cri vers Dieu\u00ab\u00a0, un th\u00e9\u00e2tral et musical captivant qui vous plonge au c\u0153ur de la qu\u00eate d&rsquo;\u00c9dith Piaf. Ce voyage innovant explore les profondeurs de l&rsquo;\u00e2me humaine, r\u00e9v\u00e9lant la puissance et la vuln\u00e9rabilit\u00e9 de cette artiste l\u00e9gendaire qui a marqu\u00e9 l&rsquo;histoire de la chanson fran\u00e7aise. L&rsquo;auteur Pierre [&hellip;]<\/p>\n","protected":false},"author":1,"featured_media":0,"parent":0,"menu_order":1,"comment_status":"closed","ping_status":"closed","template":"","meta":{"footnotes":""},"class_list":["post-33","page","type-page","status-publish","hentry"],"_links":{"self":[{"href":"https:\/\/ontheboat.fr\/index.php?rest_route=\/wp\/v2\/pages\/33","targetHints":{"allow":["GET"]}}],"collection":[{"href":"https:\/\/ontheboat.fr\/index.php?rest_route=\/wp\/v2\/pages"}],"about":[{"href":"https:\/\/ontheboat.fr\/index.php?rest_route=\/wp\/v2\/types\/page"}],"author":[{"embeddable":true,"href":"https:\/\/ontheboat.fr\/index.php?rest_route=\/wp\/v2\/users\/1"}],"replies":[{"embeddable":true,"href":"https:\/\/ontheboat.fr\/index.php?rest_route=%2Fwp%2Fv2%2Fcomments&post=33"}],"version-history":[{"count":73,"href":"https:\/\/ontheboat.fr\/index.php?rest_route=\/wp\/v2\/pages\/33\/revisions"}],"predecessor-version":[{"id":295,"href":"https:\/\/ontheboat.fr\/index.php?rest_route=\/wp\/v2\/pages\/33\/revisions\/295"}],"wp:attachment":[{"href":"https:\/\/ontheboat.fr\/index.php?rest_route=%2Fwp%2Fv2%2Fmedia&parent=33"}],"curies":[{"name":"wp","href":"https:\/\/api.w.org\/{rel}","templated":true}]}}